{"id":79660,"date":"2026-02-18T23:59:00","date_gmt":"2026-02-18T22:59:00","guid":{"rendered":"https:\/\/lefebvre.es\/tienda\/?post_type=product&#038;p=79660"},"modified":"2026-04-10T02:07:04","modified_gmt":"2026-04-10T00:07:04","slug":"pack-memento-auditoria-de-cuentas-2025-2026-y-casos-practicos-auditoria-2026","status":"publish","type":"product","link":"https:\/\/lefebvre.es\/tienda\/catalogo\/derecho-mercantil\/pack-memento-auditoria-de-cuentas-2025-2026-y-casos-practicos-auditoria-2026","title":{"rendered":"Pack Memento Auditor\u00eda de Cuentas 2025-2026 + Casos Pr\u00e1cticos Auditor\u00eda 2026"},"excerpt":{"rendered":"","protected":false},"featured_media":87154,"comment_status":"open","ping_status":"closed","template":"","meta":[],"product_cat":[34,28],"product_tag":[],"class_list":{"0":"post-79660","1":"product","2":"type-product","3":"status-publish","4":"has-post-thumbnail","6":"product_cat-derecho-contable","7":"product_cat-derecho-mercantil","8":"lf_product_type-publication","10":"first","11":"instock","12":"taxable","13":"shipping-taxable","14":"purchasable","15":"product-type-variable"},"_links":{"self":[{"href":"https:\/\/lefebvre.es\/tienda\/wp-json\/wp\/v2\/product\/79660"}],"collection":[{"href":"https:\/\/lefebvre.es\/tienda\/wp-json\/wp\/v2\/product"}],"about":[{"href":"https:\/\/lefebvre.es\/tienda\/wp-json\/wp\/v2\/types\/product"}],"replies":[{"embeddable":true,"href":"https:\/\/lefebvre.es\/tienda\/wp-json\/wp\/v2\/comments?post=79660"}],"wp:featuredmedia":[{"embeddable":true,"href":"https:\/\/lefebvre.es\/tienda\/wp-json\/wp\/v2\/media\/87154"}],"wp:attachment":[{"href":"https:\/\/lefebvre.es\/tienda\/wp-json\/wp\/v2\/media?parent=79660"}],"wp:term":[{"taxonomy":"product_cat","embeddable":true,"href":"https:\/\/lefebvre.es\/tienda\/wp-json\/wp\/v2\/product_cat?post=79660"},{"taxonomy":"product_tag","embeddable":true,"href":"https:\/\/lefebvre.es\/tienda\/wp-json\/wp\/v2\/product_tag?post=79660"}],"curies":[{"name":"wp","href":"https:\/\/api.w.org\/{rel}","templated":true}]}}