{"id":77309,"date":"2025-09-25T23:59:00","date_gmt":"2025-09-25T21:59:00","guid":{"rendered":"https:\/\/lefebvre.es\/tienda\/?post_type=product&#038;p=77309"},"modified":"2026-04-09T02:05:47","modified_gmt":"2026-04-09T00:05:47","slug":"memento-practico-regimen-economico-y-fiscal-de-canarias-imposicion-directa-2025-2026","status":"publish","type":"product","link":"https:\/\/lefebvre.es\/tienda\/catalogo\/derecho-tributario\/memento-practico-regimen-economico-y-fiscal-de-canarias-imposicion-directa-2025-2026","title":{"rendered":"Memento Pr\u00e1ctico R\u00e9gimen Econ\u00f3mico y Fiscal de Canarias. Imposici\u00f3n directa 2025-2026"},"excerpt":{"rendered":"","protected":false},"featured_media":77311,"comment_status":"open","ping_status":"closed","template":"","meta":[],"product_cat":[30],"product_tag":[],"class_list":{"0":"post-77309","1":"product","2":"type-product","3":"status-publish","4":"has-post-thumbnail","6":"product_cat-derecho-tributario","7":"lf_product_type-publication","9":"first","10":"instock","11":"taxable","12":"shipping-taxable","13":"purchasable","14":"product-type-variable"},"_links":{"self":[{"href":"https:\/\/lefebvre.es\/tienda\/wp-json\/wp\/v2\/product\/77309"}],"collection":[{"href":"https:\/\/lefebvre.es\/tienda\/wp-json\/wp\/v2\/product"}],"about":[{"href":"https:\/\/lefebvre.es\/tienda\/wp-json\/wp\/v2\/types\/product"}],"replies":[{"embeddable":true,"href":"https:\/\/lefebvre.es\/tienda\/wp-json\/wp\/v2\/comments?post=77309"}],"wp:featuredmedia":[{"embeddable":true,"href":"https:\/\/lefebvre.es\/tienda\/wp-json\/wp\/v2\/media\/77311"}],"wp:attachment":[{"href":"https:\/\/lefebvre.es\/tienda\/wp-json\/wp\/v2\/media?parent=77309"}],"wp:term":[{"taxonomy":"product_cat","embeddable":true,"href":"https:\/\/lefebvre.es\/tienda\/wp-json\/wp\/v2\/product_cat?post=77309"},{"taxonomy":"product_tag","embeddable":true,"href":"https:\/\/lefebvre.es\/tienda\/wp-json\/wp\/v2\/product_tag?post=77309"}],"curies":[{"name":"wp","href":"https:\/\/api.w.org\/{rel}","templated":true}]}}