{"id":72498,"date":"2025-02-05T23:59:00","date_gmt":"2025-02-05T22:59:00","guid":{"rendered":"https:\/\/lefebvre.es\/tienda\/?post_type=product&#038;p=72498"},"modified":"2026-04-03T04:07:08","modified_gmt":"2026-04-03T02:07:08","slug":"forma-juridica-de-tu-empresa-criterios-de-eleccion-autonomo-sociedad-o-comunidad-de-bienes","status":"publish","type":"product","link":"https:\/\/lefebvre.es\/tienda\/catalogo\/derecho-mercantil\/forma-juridica-de-tu-empresa-criterios-de-eleccion-autonomo-sociedad-o-comunidad-de-bienes","title":{"rendered":"Forma jur\u00eddica de tu empresa: criterios de elecci\u00f3n (aut\u00f3nomo, sociedad o comunidad de bienes)"},"excerpt":{"rendered":"","protected":false},"featured_media":72502,"comment_status":"open","ping_status":"closed","template":"","meta":[],"product_cat":[28],"product_tag":[],"class_list":{"0":"post-72498","1":"product","2":"type-product","3":"status-publish","4":"has-post-thumbnail","6":"product_cat-derecho-mercantil","7":"lf_product_type-publication","9":"first","10":"instock","11":"taxable","12":"shipping-taxable","13":"purchasable","14":"product-type-variable"},"_links":{"self":[{"href":"https:\/\/lefebvre.es\/tienda\/wp-json\/wp\/v2\/product\/72498"}],"collection":[{"href":"https:\/\/lefebvre.es\/tienda\/wp-json\/wp\/v2\/product"}],"about":[{"href":"https:\/\/lefebvre.es\/tienda\/wp-json\/wp\/v2\/types\/product"}],"replies":[{"embeddable":true,"href":"https:\/\/lefebvre.es\/tienda\/wp-json\/wp\/v2\/comments?post=72498"}],"wp:featuredmedia":[{"embeddable":true,"href":"https:\/\/lefebvre.es\/tienda\/wp-json\/wp\/v2\/media\/72502"}],"wp:attachment":[{"href":"https:\/\/lefebvre.es\/tienda\/wp-json\/wp\/v2\/media?parent=72498"}],"wp:term":[{"taxonomy":"product_cat","embeddable":true,"href":"https:\/\/lefebvre.es\/tienda\/wp-json\/wp\/v2\/product_cat?post=72498"},{"taxonomy":"product_tag","embeddable":true,"href":"https:\/\/lefebvre.es\/tienda\/wp-json\/wp\/v2\/product_tag?post=72498"}],"curies":[{"name":"wp","href":"https:\/\/api.w.org\/{rel}","templated":true}]}}