{"id":71923,"date":"2026-02-18T23:59:00","date_gmt":"2026-02-18T22:59:00","guid":{"rendered":"https:\/\/lefebvre.es\/tienda\/?post_type=product&#038;p=71923"},"modified":"2026-04-03T04:06:47","modified_gmt":"2026-04-03T02:06:47","slug":"casos-practicos-auditoria-un-enfoque-metodologico-y-practico","status":"publish","type":"product","link":"https:\/\/lefebvre.es\/tienda\/catalogo\/derecho-mercantil\/casos-practicos-auditoria-un-enfoque-metodologico-y-practico","title":{"rendered":"Casos Pr\u00e1cticos Auditor\u00eda. Un enfoque metodol\u00f3gico y pr\u00e1ctico"},"excerpt":{"rendered":"","protected":false},"featured_media":87151,"comment_status":"open","ping_status":"closed","template":"","meta":[],"product_cat":[144,28],"product_tag":[],"class_list":{"0":"post-71923","1":"product","2":"type-product","3":"status-publish","4":"has-post-thumbnail","6":"product_cat-derecho-auditoria","7":"product_cat-derecho-mercantil","8":"lf_product_type-publication","10":"first","11":"instock","12":"taxable","13":"shipping-taxable","14":"purchasable","15":"product-type-variable"},"_links":{"self":[{"href":"https:\/\/lefebvre.es\/tienda\/wp-json\/wp\/v2\/product\/71923"}],"collection":[{"href":"https:\/\/lefebvre.es\/tienda\/wp-json\/wp\/v2\/product"}],"about":[{"href":"https:\/\/lefebvre.es\/tienda\/wp-json\/wp\/v2\/types\/product"}],"replies":[{"embeddable":true,"href":"https:\/\/lefebvre.es\/tienda\/wp-json\/wp\/v2\/comments?post=71923"}],"wp:featuredmedia":[{"embeddable":true,"href":"https:\/\/lefebvre.es\/tienda\/wp-json\/wp\/v2\/media\/87151"}],"wp:attachment":[{"href":"https:\/\/lefebvre.es\/tienda\/wp-json\/wp\/v2\/media?parent=71923"}],"wp:term":[{"taxonomy":"product_cat","embeddable":true,"href":"https:\/\/lefebvre.es\/tienda\/wp-json\/wp\/v2\/product_cat?post=71923"},{"taxonomy":"product_tag","embeddable":true,"href":"https:\/\/lefebvre.es\/tienda\/wp-json\/wp\/v2\/product_tag?post=71923"}],"curies":[{"name":"wp","href":"https:\/\/api.w.org\/{rel}","templated":true}]}}