{"id":51841,"date":"2023-11-27T23:59:00","date_gmt":"2023-11-27T22:59:00","guid":{"rendered":"https:\/\/lefebvre.es\/tienda\/?post_type=product&#038;p=51841"},"modified":"2025-01-08T14:01:12","modified_gmt":"2025-01-08T13:01:12","slug":"como-afrontar-con-exito-una-notificacion-o-liquidacion-de-hacienda","status":"publish","type":"product","link":"https:\/\/lefebvre.es\/tienda\/catalogo\/derecho-administrativo\/como-afrontar-con-exito-una-notificacion-o-liquidacion-de-hacienda","title":{"rendered":"\u00bfC\u00f3mo afrontar con \u00e9xito una notificaci\u00f3n o liquidaci\u00f3n de Hacienda?"},"excerpt":{"rendered":"","protected":false},"featured_media":51352,"comment_status":"open","ping_status":"closed","template":"","meta":[],"product_cat":[26,34,30],"product_tag":[],"class_list":{"0":"post-51841","1":"product","2":"type-product","3":"status-publish","4":"has-post-thumbnail","6":"product_cat-derecho-administrativo","7":"product_cat-derecho-contable","8":"product_cat-derecho-tributario","9":"lf_product_type-publication","11":"first","12":"instock","13":"taxable","14":"shipping-taxable","15":"purchasable","16":"product-type-variable"},"_links":{"self":[{"href":"https:\/\/lefebvre.es\/tienda\/wp-json\/wp\/v2\/product\/51841"}],"collection":[{"href":"https:\/\/lefebvre.es\/tienda\/wp-json\/wp\/v2\/product"}],"about":[{"href":"https:\/\/lefebvre.es\/tienda\/wp-json\/wp\/v2\/types\/product"}],"replies":[{"embeddable":true,"href":"https:\/\/lefebvre.es\/tienda\/wp-json\/wp\/v2\/comments?post=51841"}],"wp:featuredmedia":[{"embeddable":true,"href":"https:\/\/lefebvre.es\/tienda\/wp-json\/wp\/v2\/media\/51352"}],"wp:attachment":[{"href":"https:\/\/lefebvre.es\/tienda\/wp-json\/wp\/v2\/media?parent=51841"}],"wp:term":[{"taxonomy":"product_cat","embeddable":true,"href":"https:\/\/lefebvre.es\/tienda\/wp-json\/wp\/v2\/product_cat?post=51841"},{"taxonomy":"product_tag","embeddable":true,"href":"https:\/\/lefebvre.es\/tienda\/wp-json\/wp\/v2\/product_tag?post=51841"}],"curies":[{"name":"wp","href":"https:\/\/api.w.org\/{rel}","templated":true}]}}