{"id":47300,"date":"2023-03-22T23:59:00","date_gmt":"2023-03-22T22:59:00","guid":{"rendered":"https:\/\/lefebvre.es\/tienda\/?post_type=product&#038;p=47300"},"modified":"2026-04-09T02:06:03","modified_gmt":"2026-04-09T00:06:03","slug":"guia-rapida-aspectos-clave-de-la-nueva-regulacion-de-las-startups-o-empresas-emergentes","status":"publish","type":"product","link":"https:\/\/lefebvre.es\/tienda\/catalogo\/derecho-mercantil\/guia-rapida-aspectos-clave-de-la-nueva-regulacion-de-las-startups-o-empresas-emergentes","title":{"rendered":"Gu\u00eda R\u00e1pida Aspectos clave de la nueva regulaci\u00f3n de las  startups o empresas emergentes"},"excerpt":{"rendered":"","protected":false},"featured_media":47301,"comment_status":"open","ping_status":"closed","template":"","meta":[],"product_cat":[28,30],"product_tag":[],"class_list":{"0":"post-47300","1":"product","2":"type-product","3":"status-publish","4":"has-post-thumbnail","6":"product_cat-derecho-mercantil","7":"product_cat-derecho-tributario","8":"lf_product_type-publication","10":"first","11":"instock","12":"taxable","13":"shipping-taxable","14":"purchasable","15":"product-type-variable"},"_links":{"self":[{"href":"https:\/\/lefebvre.es\/tienda\/wp-json\/wp\/v2\/product\/47300"}],"collection":[{"href":"https:\/\/lefebvre.es\/tienda\/wp-json\/wp\/v2\/product"}],"about":[{"href":"https:\/\/lefebvre.es\/tienda\/wp-json\/wp\/v2\/types\/product"}],"replies":[{"embeddable":true,"href":"https:\/\/lefebvre.es\/tienda\/wp-json\/wp\/v2\/comments?post=47300"}],"wp:featuredmedia":[{"embeddable":true,"href":"https:\/\/lefebvre.es\/tienda\/wp-json\/wp\/v2\/media\/47301"}],"wp:attachment":[{"href":"https:\/\/lefebvre.es\/tienda\/wp-json\/wp\/v2\/media?parent=47300"}],"wp:term":[{"taxonomy":"product_cat","embeddable":true,"href":"https:\/\/lefebvre.es\/tienda\/wp-json\/wp\/v2\/product_cat?post=47300"},{"taxonomy":"product_tag","embeddable":true,"href":"https:\/\/lefebvre.es\/tienda\/wp-json\/wp\/v2\/product_tag?post=47300"}],"curies":[{"name":"wp","href":"https:\/\/api.w.org\/{rel}","templated":true}]}}