{"id":23139,"date":"2016-11-06T00:00:00","date_gmt":"2016-11-05T23:00:00","guid":{"rendered":"https:\/\/lefebvre.es\/tienda\/catalogo\/derecho-administrativo\/manual-novedades-en-el-procedimiento-administrativo-y-en-el-regimen-del-sector-publico-abogacia-del-estado\/"},"modified":"2026-04-14T02:20:04","modified_gmt":"2026-04-14T00:20:04","slug":"manual-novedades-en-el-procedimiento-administrativo-y-en-el-regimen-del-sector-publico-abogacia-del-estado","status":"publish","type":"product","link":"https:\/\/lefebvre.es\/tienda\/catalogo\/derecho-administrativo\/manual-novedades-en-el-procedimiento-administrativo-y-en-el-regimen-del-sector-publico-abogacia-del-estado","title":{"rendered":"Manual Novedades en el Procedimiento Administrativo y en el R\u00e9gimen del Sector P\u00fablico (Abogac\u00eda del Estado)"},"excerpt":{"rendered":"","protected":false},"featured_media":27337,"comment_status":"open","ping_status":"closed","template":"","meta":[],"product_cat":[26],"product_tag":[],"class_list":{"0":"post-23139","1":"product","2":"type-product","3":"status-publish","4":"has-post-thumbnail","6":"product_cat-derecho-administrativo","7":"lf_product_type-publication","9":"first","10":"instock","11":"taxable","12":"shipping-taxable","13":"purchasable","14":"product-type-variable"},"_links":{"self":[{"href":"https:\/\/lefebvre.es\/tienda\/wp-json\/wp\/v2\/product\/23139"}],"collection":[{"href":"https:\/\/lefebvre.es\/tienda\/wp-json\/wp\/v2\/product"}],"about":[{"href":"https:\/\/lefebvre.es\/tienda\/wp-json\/wp\/v2\/types\/product"}],"replies":[{"embeddable":true,"href":"https:\/\/lefebvre.es\/tienda\/wp-json\/wp\/v2\/comments?post=23139"}],"wp:featuredmedia":[{"embeddable":true,"href":"https:\/\/lefebvre.es\/tienda\/wp-json\/wp\/v2\/media\/27337"}],"wp:attachment":[{"href":"https:\/\/lefebvre.es\/tienda\/wp-json\/wp\/v2\/media?parent=23139"}],"wp:term":[{"taxonomy":"product_cat","embeddable":true,"href":"https:\/\/lefebvre.es\/tienda\/wp-json\/wp\/v2\/product_cat?post=23139"},{"taxonomy":"product_tag","embeddable":true,"href":"https:\/\/lefebvre.es\/tienda\/wp-json\/wp\/v2\/product_tag?post=23139"}],"curies":[{"name":"wp","href":"https:\/\/api.w.org\/{rel}","templated":true}]}}