{"id":23072,"date":"2018-05-30T00:00:00","date_gmt":"2018-05-29T22:00:00","guid":{"rendered":"https:\/\/lefebvre.es\/tienda\/catalogo\/derecho-administrativo\/guia-rapida-proteccion-de-datos-aplicacion-del-rgpd\/"},"modified":"2026-04-07T04:07:47","modified_gmt":"2026-04-07T02:07:47","slug":"guia-rapida-proteccion-de-datos-aplicacion-del-rgpd","status":"publish","type":"product","link":"https:\/\/lefebvre.es\/tienda\/catalogo\/derecho-administrativo\/guia-rapida-proteccion-de-datos-aplicacion-del-rgpd","title":{"rendered":"Gu\u00eda R\u00e1pida Protecci\u00f3n de Datos. Aplicaci\u00f3n del RGPD"},"excerpt":{"rendered":"","protected":false},"featured_media":27264,"comment_status":"open","ping_status":"closed","template":"","meta":[],"product_cat":[26],"product_tag":[],"class_list":{"0":"post-23072","1":"product","2":"type-product","3":"status-publish","4":"has-post-thumbnail","6":"product_cat-derecho-administrativo","7":"lf_product_type-publication","9":"first","10":"instock","11":"taxable","12":"shipping-taxable","13":"purchasable","14":"product-type-variable"},"_links":{"self":[{"href":"https:\/\/lefebvre.es\/tienda\/wp-json\/wp\/v2\/product\/23072"}],"collection":[{"href":"https:\/\/lefebvre.es\/tienda\/wp-json\/wp\/v2\/product"}],"about":[{"href":"https:\/\/lefebvre.es\/tienda\/wp-json\/wp\/v2\/types\/product"}],"replies":[{"embeddable":true,"href":"https:\/\/lefebvre.es\/tienda\/wp-json\/wp\/v2\/comments?post=23072"}],"wp:featuredmedia":[{"embeddable":true,"href":"https:\/\/lefebvre.es\/tienda\/wp-json\/wp\/v2\/media\/27264"}],"wp:attachment":[{"href":"https:\/\/lefebvre.es\/tienda\/wp-json\/wp\/v2\/media?parent=23072"}],"wp:term":[{"taxonomy":"product_cat","embeddable":true,"href":"https:\/\/lefebvre.es\/tienda\/wp-json\/wp\/v2\/product_cat?post=23072"},{"taxonomy":"product_tag","embeddable":true,"href":"https:\/\/lefebvre.es\/tienda\/wp-json\/wp\/v2\/product_tag?post=23072"}],"curies":[{"name":"wp","href":"https:\/\/api.w.org\/{rel}","templated":true}]}}