{"id":23062,"date":"2020-01-26T00:00:00","date_gmt":"2020-01-25T23:00:00","guid":{"rendered":"https:\/\/lefebvre.es\/tienda\/catalogo\/derecho-civil\/guia-rapida-disolucion-y-liquidacion-de-la-sociedad-de-gananciales\/"},"modified":"2026-04-10T02:07:54","modified_gmt":"2026-04-10T00:07:54","slug":"guia-rapida-disolucion-y-liquidacion-de-la-sociedad-de-gananciales","status":"publish","type":"product","link":"https:\/\/lefebvre.es\/tienda\/catalogo\/derecho-civil\/guia-rapida-disolucion-y-liquidacion-de-la-sociedad-de-gananciales","title":{"rendered":"Gu\u00eda R\u00e1pida Disoluci\u00f3n y liquidaci\u00f3n de la sociedad de gananciales"},"excerpt":{"rendered":"","protected":false},"featured_media":27253,"comment_status":"open","ping_status":"closed","template":"","meta":[],"product_cat":[32],"product_tag":[],"class_list":{"0":"post-23062","1":"product","2":"type-product","3":"status-publish","4":"has-post-thumbnail","6":"product_cat-derecho-civil","7":"lf_product_type-publication","9":"first","10":"instock","11":"taxable","12":"shipping-taxable","13":"purchasable","14":"product-type-variable"},"_links":{"self":[{"href":"https:\/\/lefebvre.es\/tienda\/wp-json\/wp\/v2\/product\/23062"}],"collection":[{"href":"https:\/\/lefebvre.es\/tienda\/wp-json\/wp\/v2\/product"}],"about":[{"href":"https:\/\/lefebvre.es\/tienda\/wp-json\/wp\/v2\/types\/product"}],"replies":[{"embeddable":true,"href":"https:\/\/lefebvre.es\/tienda\/wp-json\/wp\/v2\/comments?post=23062"}],"wp:featuredmedia":[{"embeddable":true,"href":"https:\/\/lefebvre.es\/tienda\/wp-json\/wp\/v2\/media\/27253"}],"wp:attachment":[{"href":"https:\/\/lefebvre.es\/tienda\/wp-json\/wp\/v2\/media?parent=23062"}],"wp:term":[{"taxonomy":"product_cat","embeddable":true,"href":"https:\/\/lefebvre.es\/tienda\/wp-json\/wp\/v2\/product_cat?post=23062"},{"taxonomy":"product_tag","embeddable":true,"href":"https:\/\/lefebvre.es\/tienda\/wp-json\/wp\/v2\/product_tag?post=23062"}],"curies":[{"name":"wp","href":"https:\/\/api.w.org\/{rel}","templated":true}]}}