{"id":22984,"date":"2025-09-03T23:59:00","date_gmt":"2025-09-03T21:59:00","guid":{"rendered":"https:\/\/lefebvre.es\/tienda\/catalogo\/derecho-civil\/constitucion-espanola-y-ley-organica-tribunal-constitucional\/"},"modified":"2026-04-24T02:07:22","modified_gmt":"2026-04-24T00:07:22","slug":"constitucion-espanola-y-ley-organica-tribunal-constitucional","status":"publish","type":"product","link":"https:\/\/lefebvre.es\/tienda\/catalogo\/derecho-civil\/constitucion-espanola-y-ley-organica-tribunal-constitucional","title":{"rendered":"Constituci\u00f3n Espa\u00f1ola y Ley Org\u00e1nica Tribunal Constitucional"},"excerpt":{"rendered":"","protected":false},"featured_media":80615,"comment_status":"open","ping_status":"closed","template":"","meta":[],"product_cat":[32,33,35],"product_tag":[],"class_list":{"0":"post-22984","1":"product","2":"type-product","3":"status-publish","4":"has-post-thumbnail","6":"product_cat-derecho-civil","7":"product_cat-derecho-penal","8":"product_cat-derecho-procesal","9":"lf_product_type-publication","11":"first","12":"instock","13":"taxable","14":"shipping-taxable","15":"purchasable","16":"product-type-variable"},"_links":{"self":[{"href":"https:\/\/lefebvre.es\/tienda\/wp-json\/wp\/v2\/product\/22984"}],"collection":[{"href":"https:\/\/lefebvre.es\/tienda\/wp-json\/wp\/v2\/product"}],"about":[{"href":"https:\/\/lefebvre.es\/tienda\/wp-json\/wp\/v2\/types\/product"}],"replies":[{"embeddable":true,"href":"https:\/\/lefebvre.es\/tienda\/wp-json\/wp\/v2\/comments?post=22984"}],"wp:featuredmedia":[{"embeddable":true,"href":"https:\/\/lefebvre.es\/tienda\/wp-json\/wp\/v2\/media\/80615"}],"wp:attachment":[{"href":"https:\/\/lefebvre.es\/tienda\/wp-json\/wp\/v2\/media?parent=22984"}],"wp:term":[{"taxonomy":"product_cat","embeddable":true,"href":"https:\/\/lefebvre.es\/tienda\/wp-json\/wp\/v2\/product_cat?post=22984"},{"taxonomy":"product_tag","embeddable":true,"href":"https:\/\/lefebvre.es\/tienda\/wp-json\/wp\/v2\/product_tag?post=22984"}],"curies":[{"name":"wp","href":"https:\/\/api.w.org\/{rel}","templated":true}]}}