{"id":22956,"date":"2021-03-30T00:00:00","date_gmt":"2021-03-29T22:00:00","guid":{"rendered":"https:\/\/lefebvre.es\/tienda\/catalogo\/derecho-laboral\/brecha-de-genero-planes-de-igualdad-registro-y-auditoria-salarial-conciliacion-compliance-y-tutela-jurisdiccional\/"},"modified":"2026-04-03T04:07:42","modified_gmt":"2026-04-03T02:07:42","slug":"brecha-de-genero-planes-de-igualdad-registro-y-auditoria-salarial-conciliacion-compliance-y-tutela-jurisdiccional","status":"publish","type":"product","link":"https:\/\/lefebvre.es\/tienda\/catalogo\/derecho-laboral\/brecha-de-genero-planes-de-igualdad-registro-y-auditoria-salarial-conciliacion-compliance-y-tutela-jurisdiccional","title":{"rendered":"Brecha de G\u00e9nero: planes de igualdad, registro y auditor\u00eda salarial, conciliaci\u00f3n, compliance y tutela jurisdiccional"},"excerpt":{"rendered":"","protected":false},"featured_media":27147,"comment_status":"open","ping_status":"closed","template":"","meta":[],"product_cat":[29],"product_tag":[],"class_list":{"0":"post-22956","1":"product","2":"type-product","3":"status-publish","4":"has-post-thumbnail","6":"product_cat-derecho-laboral","7":"lf_product_type-publication","9":"first","10":"instock","11":"taxable","12":"shipping-taxable","13":"purchasable","14":"product-type-variable"},"_links":{"self":[{"href":"https:\/\/lefebvre.es\/tienda\/wp-json\/wp\/v2\/product\/22956"}],"collection":[{"href":"https:\/\/lefebvre.es\/tienda\/wp-json\/wp\/v2\/product"}],"about":[{"href":"https:\/\/lefebvre.es\/tienda\/wp-json\/wp\/v2\/types\/product"}],"replies":[{"embeddable":true,"href":"https:\/\/lefebvre.es\/tienda\/wp-json\/wp\/v2\/comments?post=22956"}],"wp:featuredmedia":[{"embeddable":true,"href":"https:\/\/lefebvre.es\/tienda\/wp-json\/wp\/v2\/media\/27147"}],"wp:attachment":[{"href":"https:\/\/lefebvre.es\/tienda\/wp-json\/wp\/v2\/media?parent=22956"}],"wp:term":[{"taxonomy":"product_cat","embeddable":true,"href":"https:\/\/lefebvre.es\/tienda\/wp-json\/wp\/v2\/product_cat?post=22956"},{"taxonomy":"product_tag","embeddable":true,"href":"https:\/\/lefebvre.es\/tienda\/wp-json\/wp\/v2\/product_tag?post=22956"}],"curies":[{"name":"wp","href":"https:\/\/api.w.org\/{rel}","templated":true}]}}