{"id":89030,"date":"2026-03-13T12:00:56","date_gmt":"2026-03-13T11:00:56","guid":{"rendered":"https:\/\/lefebvre.es\/tienda\/?page_id=89030"},"modified":"2026-03-16T10:21:16","modified_gmt":"2026-03-16T09:21:16","slug":"oferta-memento-fiscal-social-2","status":"publish","type":"page","link":"https:\/\/lefebvre.es\/tienda\/oferta-memento-fiscal-social-2","title":{"rendered":"oferta-memento-fiscal-social"},"content":{"rendered":"\t\t<div data-elementor-type=\"wp-page\" data-elementor-id=\"89030\" class=\"elementor elementor-89030\">\n\t\t\t\t\t\t\t<div class=\"elementor-element elementor-element-9e3a82e e-con-boxed e-con\" data-id=\"9e3a82e\" data-element_type=\"container\" data-settings=\"{&quot;content_width&quot;:&quot;boxed&quot;}\">\n\t\t\t\t\t<div class=\"e-con-inner\">\n\t\t<div class=\"elementor-element elementor-element-a4afcfe e-con-boxed e-con\" data-id=\"a4afcfe\" data-element_type=\"container\" data-settings=\"{&quot;content_width&quot;:&quot;boxed&quot;}\">\n\t\t\t\t\t<div class=\"e-con-inner\">\n\t\t\t\t<div class=\"elementor-element elementor-element-1e25a01 elementor-hidden-mobile elementor-widget elementor-widget-image\" data-id=\"1e25a01\" data-element_type=\"widget\" data-widget_type=\"image.default\">\n\t\t\t\t<div class=\"elementor-widget-container\">\n\t\t\t<style>\/*! elementor - v3.12.1 - 02-04-2023 *\/\n.elementor-widget-image{text-align:center}.elementor-widget-image a{display:inline-block}.elementor-widget-image a img[src$=\".svg\"]{width:48px}.elementor-widget-image img{vertical-align:middle;display:inline-block}<\/style>\t\t\t\t\t\t\t\t\t\t\t\t<img loading=\"lazy\" decoding=\"async\" width=\"1400\" height=\"471\" src=\"https:\/\/lefebvre.es\/tienda\/wp-content\/uploads\/2026\/03\/1400x580_mementos-fiscal-y-social_20-e1773402575224.jpg\" class=\"attachment-full size-full wp-image-89026\" alt=\"\" srcset=\"https:\/\/lefebvre.es\/tienda\/wp-content\/uploads\/2026\/03\/1400x580_mementos-fiscal-y-social_20-e1773402575224.jpg 1400w, https:\/\/lefebvre.es\/tienda\/wp-content\/uploads\/2026\/03\/1400x580_mementos-fiscal-y-social_20-e1773402575224-300x101.jpg 300w, https:\/\/lefebvre.es\/tienda\/wp-content\/uploads\/2026\/03\/1400x580_mementos-fiscal-y-social_20-e1773402575224-1024x345.jpg 1024w, https:\/\/lefebvre.es\/tienda\/wp-content\/uploads\/2026\/03\/1400x580_mementos-fiscal-y-social_20-e1773402575224-150x50.jpg 150w, https:\/\/lefebvre.es\/tienda\/wp-content\/uploads\/2026\/03\/1400x580_mementos-fiscal-y-social_20-e1773402575224-768x258.jpg 768w, https:\/\/lefebvre.es\/tienda\/wp-content\/uploads\/2026\/03\/1400x580_mementos-fiscal-y-social_20-e1773402575224-600x202.jpg 600w\" sizes=\"(max-width: 1400px) 100vw, 1400px\" \/>\t\t\t\t\t\t\t\t\t\t\t\t\t\t\t<\/div>\n\t\t\t\t<\/div>\n\t\t\t\t\t<\/div>\n\t\t\t\t<\/div>\n\t\t\t\t\t<\/div>\n\t\t\t\t<\/div>\n\t\t<div class=\"elementor-element elementor-element-92b23e7 e-con-boxed e-con\" data-id=\"92b23e7\" data-element_type=\"container\" data-settings=\"{&quot;content_width&quot;:&quot;boxed&quot;}\">\n\t\t\t\t\t<div class=\"e-con-inner\">\n\t\t\t\t<div class=\"elementor-element elementor-element-1e9ee84 elementor-widget elementor-widget-text-editor\" data-id=\"1e9ee84\" data-element_type=\"widget\" data-widget_type=\"text-editor.default\">\n\t\t\t\t<div class=\"elementor-widget-container\">\n\t\t\t<style>\/*! elementor - v3.12.1 - 02-04-2023 *\/\n.elementor-widget-text-editor.elementor-drop-cap-view-stacked .elementor-drop-cap{background-color:#69727d;color:#fff}.elementor-widget-text-editor.elementor-drop-cap-view-framed .elementor-drop-cap{color:#69727d;border:3px solid;background-color:transparent}.elementor-widget-text-editor:not(.elementor-drop-cap-view-default) .elementor-drop-cap{margin-top:8px}.elementor-widget-text-editor:not(.elementor-drop-cap-view-default) .elementor-drop-cap-letter{width:1em;height:1em}.elementor-widget-text-editor .elementor-drop-cap{float:left;text-align:center;line-height:1;font-size:50px}.elementor-widget-text-editor .elementor-drop-cap-letter{display:inline-block}<\/style>\t\t\t\t<p style=\"text-align: center;\">M\u00c1S DE 40.000 PROFESIONALES EN ESPA\u00d1A LO CONSULTAN DIARIAMENTE<\/p>\t\t\t\t\t\t<\/div>\n\t\t\t\t<\/div>\n\t\t\t\t\t<\/div>\n\t\t\t\t<\/div>\n\t\t<div class=\"elementor-element elementor-element-b27d6d2 e-con-boxed e-con\" data-id=\"b27d6d2\" data-element_type=\"container\" data-settings=\"{&quot;content_width&quot;:&quot;boxed&quot;}\">\n\t\t\t\t\t<div class=\"e-con-inner\">\n\t\t<div class=\"elementor-element elementor-element-d6f4f1f e-con-full e-con\" data-id=\"d6f4f1f\" data-element_type=\"container\" data-settings=\"{&quot;content_width&quot;:&quot;full&quot;}\">\n\t\t<div class=\"elementor-element elementor-element-0b3ebcd e-con-full e-con\" data-id=\"0b3ebcd\" data-element_type=\"container\" data-settings=\"{&quot;content_width&quot;:&quot;full&quot;}\">\n\t\t<div class=\"elementor-element elementor-element-a38bd2f e-con-full e-con\" data-id=\"a38bd2f\" data-element_type=\"container\" data-settings=\"{&quot;content_width&quot;:&quot;full&quot;}\">\n\t\t\t\t<div class=\"elementor-element elementor-element-3c97b72 elementor-widget elementor-widget-image\" data-id=\"3c97b72\" data-element_type=\"widget\" data-widget_type=\"image.default\">\n\t\t\t\t<div class=\"elementor-widget-container\">\n\t\t\t\t\t\t\t\t\t\t\t\t\t\t\t<img loading=\"lazy\" decoding=\"async\" width=\"480\" height=\"755\" src=\"https:\/\/lefebvre.es\/tienda\/wp-content\/uploads\/2026\/03\/MF-1.png\" class=\"attachment-full size-full wp-image-89043\" alt=\"\" srcset=\"https:\/\/lefebvre.es\/tienda\/wp-content\/uploads\/2026\/03\/MF-1.png 480w, https:\/\/lefebvre.es\/tienda\/wp-content\/uploads\/2026\/03\/MF-1-191x300.png 191w, https:\/\/lefebvre.es\/tienda\/wp-content\/uploads\/2026\/03\/MF-1-95x150.png 95w, https:\/\/lefebvre.es\/tienda\/wp-content\/uploads\/2026\/03\/MF-1-150x236.png 150w, https:\/\/lefebvre.es\/tienda\/wp-content\/uploads\/2026\/03\/MF-1-140x221.png 140w, https:\/\/lefebvre.es\/tienda\/wp-content\/uploads\/2026\/03\/MF-1-172x271.png 172w, https:\/\/lefebvre.es\/tienda\/wp-content\/uploads\/2026\/03\/MF-1-220x346.png 220w\" sizes=\"(max-width: 480px) 100vw, 480px\" \/>\t\t\t\t\t\t\t\t\t\t\t\t\t\t\t<\/div>\n\t\t\t\t<\/div>\n\t\t\t\t<\/div>\n\t\t<div class=\"elementor-element elementor-element-58bf358 e-con-full e-con\" data-id=\"58bf358\" data-element_type=\"container\" data-settings=\"{&quot;content_width&quot;:&quot;full&quot;}\">\n\t\t\t\t<div class=\"elementor-element elementor-element-91426de elementor-widget-tablet__width-initial elementor-widget-mobile__width-initial elementor-widget elementor-widget-heading\" data-id=\"91426de\" data-element_type=\"widget\" data-widget_type=\"heading.default\">\n\t\t\t\t<div class=\"elementor-widget-container\">\n\t\t\t<style>\/*! elementor - v3.12.1 - 02-04-2023 *\/\n.elementor-heading-title{padding:0;margin:0;line-height:1}.elementor-widget-heading .elementor-heading-title[class*=elementor-size-]>a{color:inherit;font-size:inherit;line-height:inherit}.elementor-widget-heading .elementor-heading-title.elementor-size-small{font-size:15px}.elementor-widget-heading .elementor-heading-title.elementor-size-medium{font-size:19px}.elementor-widget-heading .elementor-heading-title.elementor-size-large{font-size:29px}.elementor-widget-heading .elementor-heading-title.elementor-size-xl{font-size:39px}.elementor-widget-heading .elementor-heading-title.elementor-size-xxl{font-size:59px}<\/style><h2 class=\"elementor-heading-title elementor-size-default\">MEMENTO FISCAL 2026<\/h2>\t\t<\/div>\n\t\t\t\t<\/div>\n\t\t<div class=\"elementor-element elementor-element-219325b e-con-boxed e-con\" data-id=\"219325b\" data-element_type=\"container\" data-settings=\"{&quot;content_width&quot;:&quot;boxed&quot;}\">\n\t\t\t\t\t<div class=\"e-con-inner\">\n\t\t\t\t<div class=\"elementor-element elementor-element-fcf6bb9 elementor-widget elementor-widget-text-editor\" data-id=\"fcf6bb9\" data-element_type=\"widget\" data-widget_type=\"text-editor.default\">\n\t\t\t\t<div class=\"elementor-widget-container\">\n\t\t\t\t\t\t\t<p>Desde 186,20\u20ac<\/p>\t\t\t\t\t\t<\/div>\n\t\t\t\t<\/div>\n\t\t\t\t<div class=\"elementor-element elementor-element-ee7acf2 elementor-widget elementor-widget-html\" data-id=\"ee7acf2\" data-element_type=\"widget\" data-widget_type=\"html.default\">\n\t\t\t\t<div class=\"elementor-widget-container\">\n\t\t\t<div class=\"text-center\">\n    <a href=\"https:\/\/lefebvre.es\/tienda\/catalogo\/derecho-tributario\/memento-fiscal\" style=\"text-decoration: none;\">\n        <button class=\"lf-button-add-to-cart btn btn-secondary\">\n            <span class=\"lf-icon-shopping-cart\"><\/span> C\u00f3mpralo\n        <\/button>\n    <\/a>\n<\/div>\t\t<\/div>\n\t\t\t\t<\/div>\n\t\t\t\t\t<\/div>\n\t\t\t\t<\/div>\n\t\t\t\t<\/div>\n\t\t\t\t<\/div>\n\t\t<div class=\"elementor-element elementor-element-fc381d4 e-con-full e-con\" data-id=\"fc381d4\" data-element_type=\"container\" data-settings=\"{&quot;content_width&quot;:&quot;full&quot;}\">\n\t\t\t\t<div class=\"elementor-element elementor-element-d946d1c elementor-widget elementor-widget-text-editor\" data-id=\"d946d1c\" data-element_type=\"widget\" data-widget_type=\"text-editor.default\">\n\t\t\t\t<div class=\"elementor-widget-container\">\n\t\t\t\t\t\t\t<p>M\u00e1s de 2.000 p\u00e1ginas de an\u00e1lisis fiscal<\/p>\t\t\t\t\t\t<\/div>\n\t\t\t\t<\/div>\n\t\t\t\t<div class=\"elementor-element elementor-element-2c3b489 elementor-widget elementor-widget-text-editor\" data-id=\"2c3b489\" data-element_type=\"widget\" data-widget_type=\"text-editor.default\">\n\t\t\t\t<div class=\"elementor-widget-container\">\n\t\t\t\t\t\t\t<p><strong><span class=\"TextRun SCXW101138989 BCX8\" lang=\"ES-ES\" xml:lang=\"ES-ES\" data-contrast=\"auto\"><span class=\"NormalTextRun SCXW101138989 BCX8\">\u00a1APROVECHA LA OFERTA EXCLUSIVA ONLINE AHORA!<\/span><\/span><span class=\"EOP SCXW101138989 BCX8\" data-ccp-props=\"{&quot;134233117&quot;:true,&quot;134233118&quot;:true,&quot;201341983&quot;:0,&quot;335559740&quot;:240}\">\u00a0<\/span><\/strong><\/p>\t\t\t\t\t\t<\/div>\n\t\t\t\t<\/div>\n\t\t\t\t<div class=\"elementor-element elementor-element-1b56b6f elementor-widget elementor-widget-text-editor\" data-id=\"1b56b6f\" data-element_type=\"widget\" data-widget_type=\"text-editor.default\">\n\t\t\t\t<div class=\"elementor-widget-container\">\n\t\t\t\t\t\t\t<p><span data-contrast=\"auto\">La referencia imprescindible para&nbsp;<\/span><b><span data-contrast=\"auto\">resolver cualquier cuesti\u00f3n fiscal con seguridad<\/span><\/b><span data-contrast=\"auto\">.<\/span><span data-ccp-props=\"{&quot;134233117&quot;:true,&quot;134233118&quot;:true,&quot;201341983&quot;:0,&quot;335559740&quot;:240}\">&nbsp;<\/span><\/p>\n<p><span data-contrast=\"auto\">Toda la normativa, doctrina y criterios interpretados por expertos&nbsp;<\/span><b><span data-contrast=\"auto\">en un \u00fanico volumen de consulta r\u00e1pida<\/span><\/b><span data-contrast=\"auto\">.<\/span><span data-ccp-props=\"{&quot;134233117&quot;:true,&quot;134233118&quot;:true,&quot;201341983&quot;:0,&quot;335559740&quot;:240}\">&nbsp;<\/span><\/p>\n<p><span data-contrast=\"auto\">La suscripci\u00f3n al&nbsp;<\/span><b><span data-contrast=\"auto\">Memento Fiscal<\/span><\/b><span data-contrast=\"auto\">&nbsp;incluye:<\/span><span data-ccp-props=\"{&quot;134233117&quot;:true,&quot;134233118&quot;:true,&quot;201341983&quot;:0,&quot;335559740&quot;:240}\">&nbsp;<\/span><\/p>\n<p><span data-contrast=\"auto\">\u2013&nbsp;<\/span><b><span data-contrast=\"auto\">Extras Mementos:<\/span><\/b><span data-contrast=\"auto\">&nbsp;comprueba al instante si un n\u00famero marginal ha sido actualizado o modificado.<\/span><span data-ccp-props=\"{&quot;134233117&quot;:true,&quot;134233118&quot;:true,&quot;201341983&quot;:0,&quot;335559740&quot;:240}\">&nbsp;<\/span><\/p>\n<p><span data-contrast=\"auto\">\u2013&nbsp;<\/span><b><span data-contrast=\"auto\">Alertas semanales por email:<\/span><\/b><span data-contrast=\"auto\">&nbsp;recibe las novedades fiscales que afectan a tu pr\u00e1ctica&nbsp;<\/span><b><span data-contrast=\"auto\">antes de que impacten en tus clientes<\/span><\/b><span data-contrast=\"auto\">.<\/span><span data-ccp-props=\"{&quot;134233117&quot;:true,&quot;134233118&quot;:true,&quot;201341983&quot;:0,&quot;335559740&quot;:240}\">&nbsp;<\/span><\/p>\t\t\t\t\t\t<\/div>\n\t\t\t\t<\/div>\n\t\t\t\t<div class=\"elementor-element elementor-element-a3ab64c elementor-widget elementor-widget-heading\" data-id=\"a3ab64c\" data-element_type=\"widget\" data-widget_type=\"heading.default\">\n\t\t\t\t<div class=\"elementor-widget-container\">\n\t\t\t<h2 class=\"elementor-heading-title elementor-size-default\"><a href=\"#elementor-action%3Aaction%3Dpopup%3Aopen%26settings%3DeyJpZCI6IjU4NjgzIiwidG9nZ2xlIjpmYWxzZX0%3D\">Consulta el contenido<br><br><\/a><\/h2>\t\t<\/div>\n\t\t\t\t<\/div>\n\t\t\t\t<\/div>\n\t\t\t\t<\/div>\n\t\t<div class=\"elementor-element elementor-element-1fbf9e3 e-con-full e-con\" data-id=\"1fbf9e3\" data-element_type=\"container\" data-settings=\"{&quot;content_width&quot;:&quot;full&quot;}\">\n\t\t<div class=\"elementor-element elementor-element-d197192 e-con-full e-con\" data-id=\"d197192\" data-element_type=\"container\" data-settings=\"{&quot;content_width&quot;:&quot;full&quot;}\">\n\t\t<div class=\"elementor-element elementor-element-14dfc73 e-con-full e-con\" data-id=\"14dfc73\" data-element_type=\"container\" data-settings=\"{&quot;content_width&quot;:&quot;full&quot;}\">\n\t\t\t\t<div class=\"elementor-element elementor-element-36ea246 elementor-widget elementor-widget-image\" data-id=\"36ea246\" data-element_type=\"widget\" data-widget_type=\"image.default\">\n\t\t\t\t<div class=\"elementor-widget-container\">\n\t\t\t\t\t\t\t\t\t\t\t\t\t\t\t<img loading=\"lazy\" decoding=\"async\" width=\"480\" height=\"755\" src=\"https:\/\/lefebvre.es\/tienda\/wp-content\/uploads\/2026\/03\/MS-1.png\" class=\"attachment-full size-full wp-image-89045\" alt=\"\" srcset=\"https:\/\/lefebvre.es\/tienda\/wp-content\/uploads\/2026\/03\/MS-1.png 480w, https:\/\/lefebvre.es\/tienda\/wp-content\/uploads\/2026\/03\/MS-1-191x300.png 191w, https:\/\/lefebvre.es\/tienda\/wp-content\/uploads\/2026\/03\/MS-1-95x150.png 95w, https:\/\/lefebvre.es\/tienda\/wp-content\/uploads\/2026\/03\/MS-1-150x236.png 150w, https:\/\/lefebvre.es\/tienda\/wp-content\/uploads\/2026\/03\/MS-1-140x221.png 140w, https:\/\/lefebvre.es\/tienda\/wp-content\/uploads\/2026\/03\/MS-1-172x271.png 172w, https:\/\/lefebvre.es\/tienda\/wp-content\/uploads\/2026\/03\/MS-1-220x346.png 220w\" sizes=\"(max-width: 480px) 100vw, 480px\" \/>\t\t\t\t\t\t\t\t\t\t\t\t\t\t\t<\/div>\n\t\t\t\t<\/div>\n\t\t\t\t<\/div>\n\t\t<div class=\"elementor-element elementor-element-5ea2da8 e-con-full e-con\" data-id=\"5ea2da8\" data-element_type=\"container\" data-settings=\"{&quot;content_width&quot;:&quot;full&quot;}\">\n\t\t\t\t<div class=\"elementor-element elementor-element-0c9977b elementor-widget-tablet__width-initial elementor-widget-mobile__width-initial elementor-widget elementor-widget-heading\" data-id=\"0c9977b\" data-element_type=\"widget\" data-widget_type=\"heading.default\">\n\t\t\t\t<div class=\"elementor-widget-container\">\n\t\t\t<h2 class=\"elementor-heading-title elementor-size-default\">MEMENTO SOCIAL 2026<\/h2>\t\t<\/div>\n\t\t\t\t<\/div>\n\t\t<div class=\"elementor-element elementor-element-2c2d850 e-con-boxed e-con\" data-id=\"2c2d850\" data-element_type=\"container\" data-settings=\"{&quot;content_width&quot;:&quot;boxed&quot;}\">\n\t\t\t\t\t<div class=\"e-con-inner\">\n\t\t\t\t<div class=\"elementor-element elementor-element-40a58bd elementor-widget elementor-widget-text-editor\" data-id=\"40a58bd\" data-element_type=\"widget\" data-widget_type=\"text-editor.default\">\n\t\t\t\t<div class=\"elementor-widget-container\">\n\t\t\t\t\t\t\t<p>Desde 176,70\u20ac<\/p>\t\t\t\t\t\t<\/div>\n\t\t\t\t<\/div>\n\t\t\t\t<div class=\"elementor-element elementor-element-69b812f elementor-widget elementor-widget-html\" data-id=\"69b812f\" data-element_type=\"widget\" data-widget_type=\"html.default\">\n\t\t\t\t<div class=\"elementor-widget-container\">\n\t\t\t<div class=\"text-center\">\n    <a href=\"https:\/\/lefebvre.es\/tienda\/catalogo\/derecho-laboral\/memento-social\" style=\"text-decoration: none;\">\n        <button class=\"lf-button-add-to-cart btn btn-secondary\">\n            <span class=\"lf-icon-shopping-cart\"><\/span> C\u00f3mpralo\n        <\/button>\n    <\/a>\n<\/div>\t\t<\/div>\n\t\t\t\t<\/div>\n\t\t\t\t\t<\/div>\n\t\t\t\t<\/div>\n\t\t\t\t<\/div>\n\t\t\t\t<\/div>\n\t\t<div class=\"elementor-element elementor-element-0a9226e e-con-full e-con\" data-id=\"0a9226e\" data-element_type=\"container\" data-settings=\"{&quot;content_width&quot;:&quot;full&quot;}\">\n\t\t\t\t<div class=\"elementor-element elementor-element-d39dfc5 elementor-widget elementor-widget-text-editor\" data-id=\"d39dfc5\" data-element_type=\"widget\" data-widget_type=\"text-editor.default\">\n\t\t\t\t<div class=\"elementor-widget-container\">\n\t\t\t\t\t\t\t<p>M\u00e1s de 2.000 p\u00e1ginas de an\u00e1lisis laboral<\/p>\t\t\t\t\t\t<\/div>\n\t\t\t\t<\/div>\n\t\t\t\t<div class=\"elementor-element elementor-element-dabb3fd elementor-widget elementor-widget-text-editor\" data-id=\"dabb3fd\" data-element_type=\"widget\" data-widget_type=\"text-editor.default\">\n\t\t\t\t<div class=\"elementor-widget-container\">\n\t\t\t\t\t\t\t<p><strong><span class=\"TextRun SCXW101138989 BCX8\" lang=\"ES-ES\" xml:lang=\"ES-ES\" data-contrast=\"auto\"><span class=\"NormalTextRun SCXW101138989 BCX8\">\u00a1APROVECHA LA OFERTA EXCLUSIVA ONLINE AHORA!<\/span><\/span><span class=\"EOP SCXW101138989 BCX8\" data-ccp-props=\"{&quot;134233117&quot;:true,&quot;134233118&quot;:true,&quot;201341983&quot;:0,&quot;335559740&quot;:240}\">\u00a0<\/span><\/strong><\/p>\t\t\t\t\t\t<\/div>\n\t\t\t\t<\/div>\n\t\t\t\t<div class=\"elementor-element elementor-element-7b2b896 elementor-widget elementor-widget-text-editor\" data-id=\"7b2b896\" data-element_type=\"widget\" data-widget_type=\"text-editor.default\">\n\t\t\t\t<div class=\"elementor-widget-container\">\n\t\t\t\t\t\t\t<p><span data-contrast=\"auto\">Toda la\u00a0<\/span><b><span data-contrast=\"auto\">informaci\u00f3n laboral y de Seguridad Social<\/span><\/b><span data-contrast=\"auto\">\u00a0que necesitas para tomar decisiones con criterio\u00a0<\/span><b><span data-contrast=\"auto\">en un \u00fanico volumen actualizado<\/span><\/b><span data-contrast=\"auto\">.<\/span><span data-ccp-props=\"{&quot;134233117&quot;:true,&quot;134233118&quot;:true,&quot;201341983&quot;:0,&quot;335559740&quot;:240}\">\u00a0<\/span><\/p><p><span data-contrast=\"auto\">La suscripci\u00f3n al\u00a0<\/span><b><span data-contrast=\"auto\">Memento Social<\/span><\/b><span data-contrast=\"auto\">\u00a0incluye:<\/span><span data-ccp-props=\"{&quot;134233117&quot;:true,&quot;134233118&quot;:true,&quot;201341983&quot;:0,&quot;335559740&quot;:240}\">\u00a0<\/span><\/p><p><span data-contrast=\"auto\">\u2013\u00a0<\/span><b><span data-contrast=\"auto\">Extras Mementos:<\/span><\/b><span data-contrast=\"auto\">\u00a0verifica en cualquier momento si un n\u00famero marginal ha cambiado.<\/span><span data-ccp-props=\"{&quot;134233117&quot;:true,&quot;134233118&quot;:true,&quot;201341983&quot;:0,&quot;335559740&quot;:240}\">\u00a0<\/span><\/p><p><span data-contrast=\"auto\">\u2013\u00a0<\/span><b><span data-contrast=\"auto\">Alertas semanales por email:<\/span><\/b><span data-contrast=\"auto\">\u00a0mantente al d\u00eda de las novedades laborales\u00a0<\/span><b><span data-contrast=\"auto\">sin perder tiempo buscando cambios normativos<\/span><\/b><span data-contrast=\"auto\">.<\/span><span data-ccp-props=\"{&quot;134233117&quot;:true,&quot;134233118&quot;:true,&quot;201341983&quot;:0,&quot;335559740&quot;:240}\">\u00a0<\/span><\/p>\t\t\t\t\t\t<\/div>\n\t\t\t\t<\/div>\n\t\t\t\t<div class=\"elementor-element elementor-element-c8cff9c elementor-widget elementor-widget-heading\" data-id=\"c8cff9c\" data-element_type=\"widget\" data-widget_type=\"heading.default\">\n\t\t\t\t<div class=\"elementor-widget-container\">\n\t\t\t<h2 class=\"elementor-heading-title elementor-size-default\"><a href=\"#elementor-action%3Aaction%3Dpopup%3Aopen%26settings%3DeyJpZCI6IjU4Njg4IiwidG9nZ2xlIjpmYWxzZX0%3D\">Consulta el contenido<\/a><\/h2>\t\t<\/div>\n\t\t\t\t<\/div>\n\t\t\t\t<\/div>\n\t\t\t\t<\/div>\n\t\t\t\t\t<\/div>\n\t\t\t\t<\/div>\n\t\t\t\t\t\t\t<\/div>\n\t\t","protected":false},"excerpt":{"rendered":"<p>M\u00c1S DE 40.000 PROFESIONALES EN ESPA\u00d1A LO CONSULTAN DIARIAMENTE MEMENTO FISCAL 2026 Desde 186,20\u20ac C\u00f3mpralo M\u00e1s de 2.000 p\u00e1ginas de an\u00e1lisis fiscal \u00a1APROVECHA LA OFERTA EXCLUSIVA ONLINE AHORA!\u00a0 La referencia imprescindible para&nbsp;resolver cualquier cuesti\u00f3n fiscal con seguridad.&nbsp; Toda la normativa, doctrina y criterios interpretados por expertos&nbsp;en un \u00fanico volumen de consulta r\u00e1pida.&nbsp; La suscripci\u00f3n al&nbsp;Memento [&hellip;]<\/p>\n","protected":false},"author":10213,"featured_media":0,"parent":0,"menu_order":0,"comment_status":"closed","ping_status":"closed","template":"","meta":{"footnotes":""},"class_list":["post-89030","page","type-page","status-publish","hentry"],"_links":{"self":[{"href":"https:\/\/lefebvre.es\/tienda\/wp-json\/wp\/v2\/pages\/89030"}],"collection":[{"href":"https:\/\/lefebvre.es\/tienda\/wp-json\/wp\/v2\/pages"}],"about":[{"href":"https:\/\/lefebvre.es\/tienda\/wp-json\/wp\/v2\/types\/page"}],"author":[{"embeddable":true,"href":"https:\/\/lefebvre.es\/tienda\/wp-json\/wp\/v2\/users\/10213"}],"replies":[{"embeddable":true,"href":"https:\/\/lefebvre.es\/tienda\/wp-json\/wp\/v2\/comments?post=89030"}],"version-history":[{"count":58,"href":"https:\/\/lefebvre.es\/tienda\/wp-json\/wp\/v2\/pages\/89030\/revisions"}],"predecessor-version":[{"id":89131,"href":"https:\/\/lefebvre.es\/tienda\/wp-json\/wp\/v2\/pages\/89030\/revisions\/89131"}],"wp:attachment":[{"href":"https:\/\/lefebvre.es\/tienda\/wp-json\/wp\/v2\/media?parent=89030"}],"curies":[{"name":"wp","href":"https:\/\/api.w.org\/{rel}","templated":true}]}}