{"id":52891,"date":"2023-08-30T11:51:38","date_gmt":"2023-08-30T09:51:38","guid":{"rendered":"https:\/\/lefebvre.es\/tienda\/?page_id=52891"},"modified":"2023-09-11T10:11:17","modified_gmt":"2023-09-11T08:11:17","slug":"webs-indicator","status":"publish","type":"page","link":"https:\/\/lefebvre.es\/tienda\/webs-indicator","title":{"rendered":"Webs Indicator"},"content":{"rendered":"\t\t<div data-elementor-type=\"wp-page\" data-elementor-id=\"52891\" class=\"elementor elementor-52891\">\n\t\t\t\t\t\t\t\t\t<section class=\"elementor-section elementor-top-section elementor-element elementor-element-2633c41 elementor-section-boxed elementor-section-height-default elementor-section-height-default\" data-id=\"2633c41\" data-element_type=\"section\">\n\t\t\t\t\t\t<div class=\"elementor-container elementor-column-gap-default\">\n\t\t\t\t\t<div class=\"elementor-column elementor-col-100 elementor-top-column elementor-element elementor-element-09ac929\" data-id=\"09ac929\" data-element_type=\"column\">\n\t\t\t<div class=\"elementor-widget-wrap elementor-element-populated\">\n\t\t\t\t\t\t\t\t<div class=\"elementor-element elementor-element-b32edc7 elementor-widget elementor-widget-html\" data-id=\"b32edc7\" data-element_type=\"widget\" data-widget_type=\"html.default\">\n\t\t\t\t<div class=\"elementor-widget-container\">\n\t\t\t<div class=\"col-12\">\n            <div class=\"row\">\n                <div class=\"col text-18\">\n                    <a href=\"\/catalogo\">\n                        <div class=\"text-30 fw-bold my-2\">Accesos Webs Indicator<\/div>\n                    <\/a>\n                    <ul class=\"items-indice\">\n                        <li><a href=\"https:\/\/www.apuntesyconsejos.es\/?_gl=1%2a63dp03%2a_ga%2aMjAwMDk1MTQ1Mi4xNjg1NDQ4MzQ0%2a_ga_GBR38NJ1D7%2aMTY5Mzk5NDY0Ni43OS4wLjE2OTM5OTQ2NDYuNjAuMC4w\" target=\"_blank\">Apuntes y Consejos<\/a><\/li>\n                        <li><a href=\"https:\/\/basededatos.indicator.es\/?_gl=1%2A1fj4hq5%2A_ga%2AMjAwMDk1MTQ1Mi4xNjg1NDQ4MzQ0%2A_ga_GBR38NJ1D7%2AMTY5Mzk5NDY0Ni43OS4wLjE2OTM5OTQ2NDYuNjAuMC4w&cookieChecked=1\" target=\"_blank\">Apuntes y Consejos - Bases de datos para empresas<\/a><\/li>\n                        <li><a href=\"https:\/\/modelosyherramientas.indicator.es\/main\/?_gl=1*akiyq*_ga*MjAwMDk1MTQ1Mi4xNjg1NDQ4MzQ0*_ga_GBR38NJ1D7*MTY4NTQ0ODM0Ny4xLjEuMTY4NTQ0ODQ0My42MC4wLjA.\" target=\"_blank\">Modelos y Herramientas<\/a><\/li>\n                        <li><a href=\"https:\/\/www.consejos-impuestos.es\/\" target=\"_blank\">Consejos e Impuestos<\/a><\/li>\n                        <li><a href=\"https:\/\/www.miasesordepersonal.com\/\" target=\"_blank\">Mi Asesor de Personal<\/a><\/li>\n                    <\/ul>\n\n                    <a href=\"\/libros-derecho-gratis-pdf\">\n                        <div class=\"text-30 fw-bold my-2\">Descargas instant\u00e1neas<\/div>\n                    <\/a>\n                    <ul class=\"items-indice\">\n                        <li><a href=\"https:\/\/libros.indicator.es\/?_gl=1*6kj8h1*_ga*MjAwMDk1MTQ1Mi4xNjg1NDQ4MzQ0*_ga_GBR38NJ1D7*MTY5Mzk5NDY0Ni43OS4wLjE2OTM5OTQ2NDYuNjAuMC4w\" target=\"_blank\">Documentaci\u00f3n complementaria libros y dossieres Indicator<\/a><\/li>\n                        <li><a href=\"https:\/\/www.apuntesyconsejos.es\/impuestos-dz?q=eyJjb3VudHJ5IjoiZXMiLCJubCI6IkVTQUNJTUFMIn0%253D\" target=\"_blank\">Documentaci\u00f3n complementaria Apuntes &amp; Consejos Impuestos<\/a><\/li>\n                        <li><a href=\"https:\/\/www.apuntesyconsejos.es\/inmobiliaria-dz?q=eyJjb3VudHJ5IjoiZXMiLCJubCI6IkVTQUNJT0FMIn0%253D\" target=\"_blank\">Documentaci\u00f3n complementaria Apuntes &amp; Consejos Inmobiliaria<\/a><\/li>\n                        <li><a href=\"https:\/\/www.apuntesyconsejos.es\/laborales-dz?q=eyJjb3VudHJ5IjoiZXMiLCJubCI6IkVTQUNMQkFMIn0%253D\" target=\"_blank\">Documentaci\u00f3n complementaria Apuntes &amp; Consejos Laborales<\/a><\/li>\n                        <li><a href=\"https:\/\/www.apuntesyconsejos.es\/sociedad-dz?q=eyJjb3VudHJ5IjoiZXMiLCJubCI6IkVTQUNFREFMIn0%253D\">Documentaci\u00f3n complementaria Apuntes &amp; Consejos Usted y su Sociedad<\/a><\/li>\n                        <li><a href=\"https:\/\/www.apuntesyconsejos.es\/fiscal-dz?q=eyJjb3VudHJ5IjoiZXMiLCJubCI6IkVTUFBGUEFMIiwidm9sdW1lIjoiMTAiLCJpc3N1ZSI6IjA0In0%253D\" target=\"_blank\">Documentaci\u00f3n complementaria FiscalPro<\/a><\/li>\n                        <li><a href=\"https:\/\/www.apuntesyconsejos.es\/social-dz?q=eyJjb3VudHJ5IjoiZXMiLCJubCI6IkVTUFBMUEFMIiwidm9sdW1lIjoiMDgiLCJpc3N1ZSI6IjEwIn0%253D\" target=\"_blank\">Documentaci\u00f3n complementaria SocialPro<\/a><\/li>\n                        <li><a href=\"https:\/\/www.apuntesyconsejos.es\/directivos-dz?q=eyJjb3VudHJ5IjoiZXMiLCJubCI6IkVTUFBESUFMIiwidm9sdW1lIjoiMDciLCJpc3N1ZSI6IjA0In0%253D\" target=\"_blank\">Documentaci\u00f3n complementaria DirectivosPro<\/a><\/li>\n                    <\/ul>\n\n                <\/div>\n\n            <\/div>\n        <\/div>\t\t<\/div>\n\t\t\t\t<\/div>\n\t\t\t\t\t<\/div>\n\t\t<\/div>\n\t\t\t\t\t\t\t<\/div>\n\t\t<\/section>\n\t\t\t\t\t\t\t<\/div>\n\t\t","protected":false},"excerpt":{"rendered":"<p>Accesos Webs Indicator Apuntes y Consejos Apuntes y Consejos &#8211; Bases de datos para empresas Modelos y Herramientas Consejos e Impuestos Mi Asesor de Personal Descargas instant\u00e1neas Documentaci\u00f3n complementaria libros y dossieres Indicator Documentaci\u00f3n complementaria Apuntes &amp; Consejos Impuestos Documentaci\u00f3n complementaria Apuntes &amp; Consejos Inmobiliaria Documentaci\u00f3n complementaria Apuntes &amp; Consejos Laborales Documentaci\u00f3n complementaria Apuntes &amp; [&hellip;]<\/p>\n","protected":false},"author":1,"featured_media":0,"parent":0,"menu_order":0,"comment_status":"closed","ping_status":"closed","template":"","meta":{"footnotes":""},"class_list":["post-52891","page","type-page","status-publish","hentry"],"_links":{"self":[{"href":"https:\/\/lefebvre.es\/tienda\/wp-json\/wp\/v2\/pages\/52891"}],"collection":[{"href":"https:\/\/lefebvre.es\/tienda\/wp-json\/wp\/v2\/pages"}],"about":[{"href":"https:\/\/lefebvre.es\/tienda\/wp-json\/wp\/v2\/types\/page"}],"author":[{"embeddable":true,"href":"https:\/\/lefebvre.es\/tienda\/wp-json\/wp\/v2\/users\/1"}],"replies":[{"embeddable":true,"href":"https:\/\/lefebvre.es\/tienda\/wp-json\/wp\/v2\/comments?post=52891"}],"version-history":[{"count":18,"href":"https:\/\/lefebvre.es\/tienda\/wp-json\/wp\/v2\/pages\/52891\/revisions"}],"predecessor-version":[{"id":53271,"href":"https:\/\/lefebvre.es\/tienda\/wp-json\/wp\/v2\/pages\/52891\/revisions\/53271"}],"wp:attachment":[{"href":"https:\/\/lefebvre.es\/tienda\/wp-json\/wp\/v2\/media?parent=52891"}],"curies":[{"name":"wp","href":"https:\/\/api.w.org\/{rel}","templated":true}]}}