{"id":30933,"date":"2022-03-04T09:29:33","date_gmt":"2022-03-04T08:29:33","guid":{"rendered":"https:\/\/lefebvre.es\/tienda\/?page_id=30933"},"modified":"2025-09-08T12:45:05","modified_gmt":"2025-09-08T10:45:05","slug":"sistematica-memento","status":"publish","type":"page","link":"https:\/\/lefebvre.es\/tienda\/sistematica-memento","title":{"rendered":"Sistem\u00e1tica Memento"},"content":{"rendered":"\t\t<div data-elementor-type=\"wp-page\" data-elementor-id=\"30933\" class=\"elementor elementor-30933\">\n\t\t\t\t\t\t\t\t\t<section class=\"elementor-section elementor-top-section elementor-element elementor-element-262bba4 elementor-section-full_width elementor-section-height-default elementor-section-height-default\" data-id=\"262bba4\" data-element_type=\"section\">\n\t\t\t\t\t\t<div class=\"elementor-container elementor-column-gap-default\">\n\t\t\t\t\t<div class=\"elementor-column elementor-col-100 elementor-top-column elementor-element elementor-element-ead6288\" data-id=\"ead6288\" data-element_type=\"column\" data-settings=\"{&quot;background_background&quot;:&quot;classic&quot;}\">\n\t\t\t<div class=\"elementor-widget-wrap elementor-element-populated\">\n\t\t\t\t\t\t\t\t<div class=\"elementor-element elementor-element-6f965cd elementor-widget elementor-widget-heading\" data-id=\"6f965cd\" data-element_type=\"widget\" data-widget_type=\"heading.default\">\n\t\t\t\t<div class=\"elementor-widget-container\">\n\t\t\t<style>\/*! elementor - v3.12.1 - 02-04-2023 *\/\n.elementor-heading-title{padding:0;margin:0;line-height:1}.elementor-widget-heading .elementor-heading-title[class*=elementor-size-]>a{color:inherit;font-size:inherit;line-height:inherit}.elementor-widget-heading .elementor-heading-title.elementor-size-small{font-size:15px}.elementor-widget-heading .elementor-heading-title.elementor-size-medium{font-size:19px}.elementor-widget-heading .elementor-heading-title.elementor-size-large{font-size:29px}.elementor-widget-heading .elementor-heading-title.elementor-size-xl{font-size:39px}.elementor-widget-heading .elementor-heading-title.elementor-size-xxl{font-size:59px}<\/style><h1 class=\"elementor-heading-title elementor-size-default\">Sistem\u00e1tica Memento<\/h1>\t\t<\/div>\n\t\t\t\t<\/div>\n\t\t\t\t\t<\/div>\n\t\t<\/div>\n\t\t\t\t\t\t\t<\/div>\n\t\t<\/section>\n\t\t\t\t<section class=\"elementor-section elementor-top-section elementor-element elementor-element-8530ddc elementor-section-boxed elementor-section-height-default elementor-section-height-default\" data-id=\"8530ddc\" data-element_type=\"section\">\n\t\t\t\t\t\t<div class=\"elementor-container elementor-column-gap-default\">\n\t\t\t\t\t<div class=\"elementor-column elementor-col-33 elementor-top-column elementor-element elementor-element-1f10a74\" data-id=\"1f10a74\" data-element_type=\"column\">\n\t\t\t<div class=\"elementor-widget-wrap\">\n\t\t\t\t\t\t\t\t\t<\/div>\n\t\t<\/div>\n\t\t\t\t<div class=\"elementor-column elementor-col-33 elementor-top-column elementor-element elementor-element-9eb3f60\" data-id=\"9eb3f60\" data-element_type=\"column\">\n\t\t\t<div class=\"elementor-widget-wrap elementor-element-populated\">\n\t\t\t\t\t\t\t\t<div class=\"elementor-element elementor-element-5e59683 elementor-widget elementor-widget-video\" data-id=\"5e59683\" data-element_type=\"widget\" data-settings=\"{&quot;youtube_url&quot;:&quot;https:\\\/\\\/youtu.be\\\/ZtdAZzaxhhk&quot;,&quot;video_type&quot;:&quot;youtube&quot;,&quot;controls&quot;:&quot;yes&quot;}\" data-widget_type=\"video.default\">\n\t\t\t\t<div class=\"elementor-widget-container\">\n\t\t\t<style>\/*! elementor - v3.12.1 - 02-04-2023 *\/\n.elementor-widget-video .elementor-widget-container{overflow:hidden;transform:translateZ(0)}.elementor-widget-video .elementor-wrapper iframe,.elementor-widget-video .elementor-wrapper video{height:100%;width:100%;display:flex;border:none;background-color:#000}.elementor-widget-video .elementor-open-inline .elementor-custom-embed-image-overlay{position:absolute;top:0;left:0;width:100%;height:100%;background-size:cover;background-position:50%}.elementor-widget-video .elementor-custom-embed-image-overlay{cursor:pointer;text-align:center}.elementor-widget-video .elementor-custom-embed-image-overlay:hover .elementor-custom-embed-play i{opacity:1}.elementor-widget-video .elementor-custom-embed-image-overlay img{display:block;width:100%}.elementor-widget-video .e-hosted-video .elementor-video{-o-object-fit:cover;object-fit:cover}.e-con-inner>.elementor-widget-video,.e-con>.elementor-widget-video{width:var(--container-widget-width);--flex-grow:var(--container-widget-flex-grow)}<\/style>\t\t<div class=\"elementor-wrapper elementor-open-inline\">\n\t\t\t<div class=\"elementor-video\"><\/div>\t\t<\/div>\n\t\t\t\t<\/div>\n\t\t\t\t<\/div>\n\t\t\t\t\t<\/div>\n\t\t<\/div>\n\t\t\t\t<div class=\"elementor-column elementor-col-33 elementor-top-column elementor-element elementor-element-b384a66\" data-id=\"b384a66\" data-element_type=\"column\">\n\t\t\t<div class=\"elementor-widget-wrap\">\n\t\t\t\t\t\t\t\t\t<\/div>\n\t\t<\/div>\n\t\t\t\t\t\t\t<\/div>\n\t\t<\/section>\n\t\t\t\t<section class=\"elementor-section elementor-top-section elementor-element elementor-element-870af43 elementor-section-boxed elementor-section-height-default elementor-section-height-default\" data-id=\"870af43\" data-element_type=\"section\">\n\t\t\t\t\t\t<div class=\"elementor-container elementor-column-gap-default\">\n\t\t\t\t\t<div class=\"elementor-column elementor-col-100 elementor-top-column elementor-element elementor-element-e83945e\" data-id=\"e83945e\" data-element_type=\"column\">\n\t\t\t<div class=\"elementor-widget-wrap elementor-element-populated\">\n\t\t\t\t\t\t\t\t<section class=\"elementor-section elementor-inner-section elementor-element elementor-element-2595ae8 elementor-section-boxed elementor-section-height-default elementor-section-height-default\" data-id=\"2595ae8\" data-element_type=\"section\">\n\t\t\t\t\t\t<div class=\"elementor-container elementor-column-gap-default\">\n\t\t\t\t\t<div class=\"elementor-column elementor-col-100 elementor-inner-column elementor-element elementor-element-36e3433\" data-id=\"36e3433\" data-element_type=\"column\">\n\t\t\t<div class=\"elementor-widget-wrap elementor-element-populated\">\n\t\t\t\t\t\t\t\t<div class=\"elementor-element elementor-element-3d5f9f0 elementor-widget elementor-widget-text-editor\" data-id=\"3d5f9f0\" data-element_type=\"widget\" data-widget_type=\"text-editor.default\">\n\t\t\t\t<div class=\"elementor-widget-container\">\n\t\t\t<style>\/*! elementor - v3.12.1 - 02-04-2023 *\/\n.elementor-widget-text-editor.elementor-drop-cap-view-stacked .elementor-drop-cap{background-color:#69727d;color:#fff}.elementor-widget-text-editor.elementor-drop-cap-view-framed .elementor-drop-cap{color:#69727d;border:3px solid;background-color:transparent}.elementor-widget-text-editor:not(.elementor-drop-cap-view-default) .elementor-drop-cap{margin-top:8px}.elementor-widget-text-editor:not(.elementor-drop-cap-view-default) .elementor-drop-cap-letter{width:1em;height:1em}.elementor-widget-text-editor .elementor-drop-cap{float:left;text-align:center;line-height:1;font-size:50px}.elementor-widget-text-editor .elementor-drop-cap-letter{display:inline-block}<\/style>\t\t\t\t<p>La genuina<strong>\u00a0Sistem\u00e1tica Memento<\/strong>\u00a0ha tenido muchos imitadores, pero s\u00f3lo en los Mementos el acceso a la informaci\u00f3n es directo, inmediato.<\/p><p>La raz\u00f3n:\u00a0<strong>cerca de 100 a\u00f1os de experiencia<\/strong>\u00a0de la editorial en el an\u00e1lisis de la informaci\u00f3n jur\u00eddica, en sintetizarla y exponerla de forma que encuentres al instante lo que buscas.<\/p><p>Lo m\u00e1s r\u00e1pido: busca la cuesti\u00f3n planteada por la voz m\u00e1s relevante en la tabla alfab\u00e9tica del Memento.\u00a0<strong>M\u00e1s de 1800 voces de entrada<\/strong>\u00a0te permiten encontrar r\u00e1pidamente el t\u00e9rmino de su consulta. All\u00ed encontrar\u00e1s el n\u00famero de p\u00e1rrafo (est\u00e1n numerados) donde se encuentra la respuesta.<\/p><p>Una vez en el p\u00e1rrafo, no encontrar\u00e1s una mera transcripci\u00f3n de la norma, sino\u00a0<strong>soluciones concretas y de directa aplicaci\u00f3n<\/strong>, comentadas por expertos del m\u00e1s alto nivel y clarificadas con ejemplos. Tambi\u00e9n contiene reenv\u00edos a otros p\u00e1rrafos, o a otros Mementos por si quieres seguir indagando en las consecuencias contables, laborales, mercantiles, etc. de esa misma cuesti\u00f3n.<\/p><p>Cada soluci\u00f3n est\u00e1 rigurosamente fundamentada para que tomes decisiones con total seguridad:<\/p><ul><li>Precisiones a la Norma General.<\/li><li>Cuadros explicativos.<\/li><li>Normativa de aplicaci\u00f3n en cada caso.<\/li><li>Doctrina Administrativa.<\/li><li>Jurisprudencia m\u00e1s reciente y relevante.<\/li><\/ul><p>\u00a1Obtendr\u00e1s la informaci\u00f3n que necesitas en tiempo record! Claro, completo, directo&#8230;\u00a0<strong>EFICAZ<\/strong><\/p>\t\t\t\t\t\t<\/div>\n\t\t\t\t<\/div>\n\t\t\t\t\t<\/div>\n\t\t<\/div>\n\t\t\t\t\t\t\t<\/div>\n\t\t<\/section>\n\t\t\t\t\t<\/div>\n\t\t<\/div>\n\t\t\t\t\t\t\t<\/div>\n\t\t<\/section>\n\t\t\t\t<section class=\"elementor-section elementor-top-section elementor-element elementor-element-bda6783 elementor-section-boxed elementor-section-height-default elementor-section-height-default\" data-id=\"bda6783\" data-element_type=\"section\">\n\t\t\t\t\t\t<div class=\"elementor-container elementor-column-gap-default\">\n\t\t\t\t\t<div class=\"elementor-column elementor-col-100 elementor-top-column elementor-element elementor-element-1e5882e\" data-id=\"1e5882e\" data-element_type=\"column\">\n\t\t\t<div class=\"elementor-widget-wrap elementor-element-populated\">\n\t\t\t\t\t\t\t\t<div class=\"elementor-element elementor-element-21eb6b0 elementor-widget elementor-widget-image\" data-id=\"21eb6b0\" data-element_type=\"widget\" data-widget_type=\"image.default\">\n\t\t\t\t<div class=\"elementor-widget-container\">\n\t\t\t<style>\/*! elementor - v3.12.1 - 02-04-2023 *\/\n.elementor-widget-image{text-align:center}.elementor-widget-image a{display:inline-block}.elementor-widget-image a img[src$=\".svg\"]{width:48px}.elementor-widget-image img{vertical-align:middle;display:inline-block}<\/style>\t\t\t\t\t\t\t\t\t\t\t\t<img decoding=\"async\" src=\"https:\/\/lefebvre.es\/tienda\/wp-content\/uploads\/elementor\/thumbs\/sistematica-memento-qukvk2y28fw9i7niyb6nwil7xmq859gxkrpyq7knvi.png\" title=\"sistematica-memento\" alt=\"sistematica memento\" loading=\"lazy\" \/>\t\t\t\t\t\t\t\t\t\t\t\t\t\t\t<\/div>\n\t\t\t\t<\/div>\n\t\t\t\t\t<\/div>\n\t\t<\/div>\n\t\t\t\t\t\t\t<\/div>\n\t\t<\/section>\n\t\t\t\t\t\t\t<\/div>\n\t\t","protected":false},"excerpt":{"rendered":"<p>Sistem\u00e1tica Memento https:\/\/youtu.be\/ZtdAZzaxhhk La genuina\u00a0Sistem\u00e1tica Memento\u00a0ha tenido muchos imitadores, pero s\u00f3lo en los Mementos el acceso a la informaci\u00f3n es directo, inmediato. La raz\u00f3n:\u00a0cerca de 100 a\u00f1os de experiencia\u00a0de la editorial en el an\u00e1lisis de la informaci\u00f3n jur\u00eddica, en sintetizarla y exponerla de forma que encuentres al instante lo que buscas. Lo m\u00e1s r\u00e1pido: busca [&hellip;]<\/p>\n","protected":false},"author":49,"featured_media":30936,"parent":0,"menu_order":0,"comment_status":"closed","ping_status":"closed","template":"elementor_header_footer","meta":{"footnotes":""},"class_list":["post-30933","page","type-page","status-publish","has-post-thumbnail","hentry"],"_links":{"self":[{"href":"https:\/\/lefebvre.es\/tienda\/wp-json\/wp\/v2\/pages\/30933"}],"collection":[{"href":"https:\/\/lefebvre.es\/tienda\/wp-json\/wp\/v2\/pages"}],"about":[{"href":"https:\/\/lefebvre.es\/tienda\/wp-json\/wp\/v2\/types\/page"}],"author":[{"embeddable":true,"href":"https:\/\/lefebvre.es\/tienda\/wp-json\/wp\/v2\/users\/49"}],"replies":[{"embeddable":true,"href":"https:\/\/lefebvre.es\/tienda\/wp-json\/wp\/v2\/comments?post=30933"}],"version-history":[{"count":6,"href":"https:\/\/lefebvre.es\/tienda\/wp-json\/wp\/v2\/pages\/30933\/revisions"}],"predecessor-version":[{"id":81992,"href":"https:\/\/lefebvre.es\/tienda\/wp-json\/wp\/v2\/pages\/30933\/revisions\/81992"}],"wp:featuredmedia":[{"embeddable":true,"href":"https:\/\/lefebvre.es\/tienda\/wp-json\/wp\/v2\/media\/30936"}],"wp:attachment":[{"href":"https:\/\/lefebvre.es\/tienda\/wp-json\/wp\/v2\/media?parent=30933"}],"curies":[{"name":"wp","href":"https:\/\/api.w.org\/{rel}","templated":true}]}}